{"id":57,"date":"2022-05-26T09:10:48","date_gmt":"2022-05-26T07:10:48","guid":{"rendered":"http:\/\/www.lalocloiserie.ch\/?page_id=57"},"modified":"2022-05-28T06:13:30","modified_gmt":"2022-05-28T04:13:30","slug":"nos-prestations","status":"publish","type":"page","link":"https:\/\/www.lalocloiserie.ch\/index.php\/nos-prestations\/","title":{"rendered":"Nos Prestations"},"content":{"rendered":"\n<p class=\"has-medium-font-size\">Le collectif r\u00e9uni sous l&#8217;\u00e9gide de l&#8217;Association Carpe Locum -\u00e9diteur de<strong> La Locloiserie<\/strong>-, rassemble des profils vari\u00e9s et des comp\u00e9tences interdisciplinaires.<\/p>\n\n\n\n<p class=\"has-medium-font-size\">C&#8217;est aujourd&#8217;hui une agence digitale enthousiaste \u00e0 votre service.<\/p>\n\n\n\n<p class=\"has-medium-font-size\">Elle assure le dynamisme et la p\u00e9rennit\u00e9 de l&#8217;application mobile, la fiabilit\u00e9 de son socle technologique, le d\u00e9veloppement des diff\u00e9rents protocoles d&#8217;interaction, ainsi que la conception des interfaces pour la mise en sc\u00e8ne de contenus enrichis.<\/p>\n\n\n\n<p class=\"has-medium-font-size\">Notre ambition est de consolider et d&#8217;enrichir encore nos comp\u00e9tences dans les dimensions suivantes:<\/p>\n\n\n\n<ul class=\"has-medium-font-size wp-block-list\"><li><strong>Maitrise technologique<\/strong>: assurer et d\u00e9velopper le base technologique, optimisation des flux de contenus et d&#8217;informations pour leur \u00e9dition et archivage, programmation et d\u00e9veloppement de protocoles originaux.<\/li><li><strong>Pertinence \u00e9ditoriale:&nbsp;<\/strong>identification des th\u00e9matiques locales, r\u00e9daction et id\u00e9ation des modules ad\u00e9quats, planification \u00e9ditoriale et gestion des mises \u00e0 jour.<\/li><li><strong>Gestion des processus collaboratifs :<\/strong>&nbsp; Etablissement et suivi des collaborations, mise en place et gestion des processus collaboratifs et participatifs de coproduction de contenu, coordination des dispositifs d&#8217;\u00e9dition et de diffusion.<\/li><\/ul>\n","protected":false},"excerpt":{"rendered":"<p>Le collectif r\u00e9uni sous l&#8217;\u00e9gide de l&#8217;Association Carpe Locum -\u00e9diteur de La Locloiserie-, rassemble des profils vari\u00e9s et des comp\u00e9tences interdisciplinaires. C&#8217;est aujourd&#8217;hui une agence digitale enthousiaste \u00e0 votre service. Elle assure le dynamisme et la p\u00e9rennit\u00e9 de l&#8217;application mobile, la fiabilit\u00e9 de son socle&nbsp;<a class=\"read-more\" href=\"https:\/\/www.lalocloiserie.ch\/index.php\/nos-prestations\/\">lire plus<\/a><\/p>\n","protected":false},"author":1,"featured_media":0,"parent":0,"menu_order":0,"comment_status":"closed","ping_status":"closed","template":"","meta":{"footnotes":""},"class_list":["post-57","page","type-page","status-publish","hentry"],"_links":{"self":[{"href":"https:\/\/www.lalocloiserie.ch\/index.php\/wp-json\/wp\/v2\/pages\/57","targetHints":{"allow":["GET"]}}],"collection":[{"href":"https:\/\/www.lalocloiserie.ch\/index.php\/wp-json\/wp\/v2\/pages"}],"about":[{"href":"https:\/\/www.lalocloiserie.ch\/index.php\/wp-json\/wp\/v2\/types\/page"}],"author":[{"embeddable":true,"href":"https:\/\/www.lalocloiserie.ch\/index.php\/wp-json\/wp\/v2\/users\/1"}],"replies":[{"embeddable":true,"href":"https:\/\/www.lalocloiserie.ch\/index.php\/wp-json\/wp\/v2\/comments?post=57"}],"version-history":[{"count":2,"href":"https:\/\/www.lalocloiserie.ch\/index.php\/wp-json\/wp\/v2\/pages\/57\/revisions"}],"predecessor-version":[{"id":174,"href":"https:\/\/www.lalocloiserie.ch\/index.php\/wp-json\/wp\/v2\/pages\/57\/revisions\/174"}],"wp:attachment":[{"href":"https:\/\/www.lalocloiserie.ch\/index.php\/wp-json\/wp\/v2\/media?parent=57"}],"curies":[{"name":"wp","href":"https:\/\/api.w.org\/{rel}","templated":true}]}}