{"id":51,"date":"2022-05-26T09:03:09","date_gmt":"2022-05-26T07:03:09","guid":{"rendered":"http:\/\/www.lalocloiserie.ch\/?page_id=51"},"modified":"2022-05-26T16:38:53","modified_gmt":"2022-05-26T14:38:53","slug":"vos-contenus","status":"publish","type":"page","link":"https:\/\/www.lalocloiserie.ch\/index.php\/vos-contenus\/","title":{"rendered":"Vos Contenus"},"content":{"rendered":"\n<p class=\"has-medium-font-size\">Les diff\u00e9rentes fonctionnalit\u00e9s d&#8217;interactions de l&#8217;application mobile vous inspirent ? Vous souhaitez inclure une th\u00e9matique ou un contenu qui vous est cher dans <strong>La Locloiserie<\/strong> ?<\/p>\n\n\n\n<p class=\"has-medium-font-size\">N&#8217;h\u00e9sitez pas \u00e0 nous contacter. Nous vous accompagnons volontiers pour leur mise en forme.<\/p>\n\n\n\n<p class=\"has-medium-font-size\">Les diff\u00e9rentes modalit\u00e9s d\u2019interaction de la technologie mobile permettent des pr\u00e9sentations nouvelles. La possibilit\u00e9 d&#8217;inscrire une narration dans un lieu ou dans une temporalit\u00e9 n\u00e9cessite une approche particuli\u00e8re.&nbsp;&nbsp;<\/p>\n\n\n\n<p class=\"has-medium-font-size\">Les fonctionnalit\u00e9s port\u00e9es par une application offrent des formes originales et de nouvelles g\u00e9om\u00e9tries narratives. Partant, le contenu &#8211; le fond th\u00e9matique-&nbsp; doit se laisser inspirer par ces formes technologiques, puis les f\u00e9conder, les habiter. Cette recherche de la juste quadrature du cercle, entre une forme et un contenu, est le centre de nos comp\u00e9tences<\/p>\n","protected":false},"excerpt":{"rendered":"<p>Les diff\u00e9rentes fonctionnalit\u00e9s d&#8217;interactions de l&#8217;application mobile vous inspirent ? Vous souhaitez inclure une th\u00e9matique ou un contenu qui vous est cher dans La Locloiserie ? N&#8217;h\u00e9sitez pas \u00e0 nous contacter. Nous vous accompagnons volontiers pour leur mise en forme. Les diff\u00e9rentes modalit\u00e9s d\u2019interaction de&nbsp;<a class=\"read-more\" href=\"https:\/\/www.lalocloiserie.ch\/index.php\/vos-contenus\/\">lire plus<\/a><\/p>\n","protected":false},"author":1,"featured_media":0,"parent":0,"menu_order":0,"comment_status":"closed","ping_status":"closed","template":"","meta":{"footnotes":""},"class_list":["post-51","page","type-page","status-publish","hentry"],"_links":{"self":[{"href":"https:\/\/www.lalocloiserie.ch\/index.php\/wp-json\/wp\/v2\/pages\/51","targetHints":{"allow":["GET"]}}],"collection":[{"href":"https:\/\/www.lalocloiserie.ch\/index.php\/wp-json\/wp\/v2\/pages"}],"about":[{"href":"https:\/\/www.lalocloiserie.ch\/index.php\/wp-json\/wp\/v2\/types\/page"}],"author":[{"embeddable":true,"href":"https:\/\/www.lalocloiserie.ch\/index.php\/wp-json\/wp\/v2\/users\/1"}],"replies":[{"embeddable":true,"href":"https:\/\/www.lalocloiserie.ch\/index.php\/wp-json\/wp\/v2\/comments?post=51"}],"version-history":[{"count":2,"href":"https:\/\/www.lalocloiserie.ch\/index.php\/wp-json\/wp\/v2\/pages\/51\/revisions"}],"predecessor-version":[{"id":129,"href":"https:\/\/www.lalocloiserie.ch\/index.php\/wp-json\/wp\/v2\/pages\/51\/revisions\/129"}],"wp:attachment":[{"href":"https:\/\/www.lalocloiserie.ch\/index.php\/wp-json\/wp\/v2\/media?parent=51"}],"curies":[{"name":"wp","href":"https:\/\/api.w.org\/{rel}","templated":true}]}}