{"id":49,"date":"2022-05-26T09:02:14","date_gmt":"2022-05-26T07:02:14","guid":{"rendered":"http:\/\/www.lalocloiserie.ch\/?page_id=49"},"modified":"2022-05-27T18:25:36","modified_gmt":"2022-05-27T16:25:36","slug":"votre-transition-numerique","status":"publish","type":"page","link":"https:\/\/www.lalocloiserie.ch\/index.php\/votre-transition-numerique\/","title":{"rendered":"Votre Transition num\u00e9rique"},"content":{"rendered":"\n<p class=\"has-medium-font-size\">Vous avez souscrit \u00e0 <strong>La Locloiserie<\/strong> parce que vous soutenez ses objectifs de renforcement du lien social, ou parce que vous souhaitez gagner en visibilit\u00e9 et mettre en valeur vos activit\u00e9s, vos produits ou vos services. Nous vous en sommes extr\u00eamement reconnaissants.<\/p>\n\n\n\n<p class=\"has-medium-font-size\">En \u00e9change de bons proc\u00e9d\u00e9s, soyez s\u00fbrs que nous restons \u00e0 vos c\u00f4t\u00e9s pour que votre inclusion dans l&#8217;application mobile vous soit le plus profitable possible.<\/p>\n\n\n\n<p class=\"has-medium-font-size\">Or, il est certain que vous optimisez le potentiel du trafic g\u00e9n\u00e9r\u00e9 par votre r\u00e9f\u00e9rencement au sein de<strong> La Locloiserie<\/strong>, si vous disposez d&#8217;un site internet ad\u00e9quat pour l&#8217; accueillir.<\/p>\n\n\n\n<p class=\"has-medium-font-size\">N&#8217;h\u00e9sitez pas \u00e0 nous solliciter, nous accompagnons nos souscripteurs&nbsp; pour;<\/p>\n\n\n\n<ul class=\"has-medium-font-size wp-block-list\"><li>d\u00e9velopper leur site internet;<\/li><li>rafraichir et optimiser votre ancienne pr\u00e9sence web;<\/li><li>coordonner les mises \u00e0 jour entre site et application mobile.<\/li><\/ul>\n\n\n\n<p class=\"has-medium-font-size\">Nous vous appuyons \u00e0 des conditions &#8220;souscripteur&#8221; des plus favorables !<\/p>\n","protected":false},"excerpt":{"rendered":"<p>Vous avez souscrit \u00e0 La Locloiserie parce que vous soutenez ses objectifs de renforcement du lien social, ou parce que vous souhaitez gagner en visibilit\u00e9 et mettre en valeur vos activit\u00e9s, vos produits ou vos services. Nous vous en sommes extr\u00eamement reconnaissants. En \u00e9change de&nbsp;<a class=\"read-more\" href=\"https:\/\/www.lalocloiserie.ch\/index.php\/votre-transition-numerique\/\">lire plus<\/a><\/p>\n","protected":false},"author":1,"featured_media":0,"parent":0,"menu_order":0,"comment_status":"closed","ping_status":"closed","template":"","meta":{"footnotes":""},"class_list":["post-49","page","type-page","status-publish","hentry"],"_links":{"self":[{"href":"https:\/\/www.lalocloiserie.ch\/index.php\/wp-json\/wp\/v2\/pages\/49","targetHints":{"allow":["GET"]}}],"collection":[{"href":"https:\/\/www.lalocloiserie.ch\/index.php\/wp-json\/wp\/v2\/pages"}],"about":[{"href":"https:\/\/www.lalocloiserie.ch\/index.php\/wp-json\/wp\/v2\/types\/page"}],"author":[{"embeddable":true,"href":"https:\/\/www.lalocloiserie.ch\/index.php\/wp-json\/wp\/v2\/users\/1"}],"replies":[{"embeddable":true,"href":"https:\/\/www.lalocloiserie.ch\/index.php\/wp-json\/wp\/v2\/comments?post=49"}],"version-history":[{"count":2,"href":"https:\/\/www.lalocloiserie.ch\/index.php\/wp-json\/wp\/v2\/pages\/49\/revisions"}],"predecessor-version":[{"id":169,"href":"https:\/\/www.lalocloiserie.ch\/index.php\/wp-json\/wp\/v2\/pages\/49\/revisions\/169"}],"wp:attachment":[{"href":"https:\/\/www.lalocloiserie.ch\/index.php\/wp-json\/wp\/v2\/media?parent=49"}],"curies":[{"name":"wp","href":"https:\/\/api.w.org\/{rel}","templated":true}]}}