{"id":47,"date":"2022-05-26T09:01:17","date_gmt":"2022-05-26T07:01:17","guid":{"rendered":"http:\/\/www.lalocloiserie.ch\/?page_id=47"},"modified":"2022-05-26T16:39:27","modified_gmt":"2022-05-26T14:39:27","slug":"a-propos","status":"publish","type":"page","link":"https:\/\/www.lalocloiserie.ch\/index.php\/a-propos\/","title":{"rendered":"A Propos"},"content":{"rendered":"\n<p class=\"has-medium-font-size\">A son origine, le projet d&#8217;application mobile &#8220;La Locloiserie&#8221; a \u00e9t\u00e9 esquiss\u00e9 et d\u00e9velopp\u00e9 par l&#8217;association \u00e9ponyme.<\/p>\n\n\n\n<p class=\"has-medium-font-size\">L&#8217;int\u00e9r\u00eat suscit\u00e9 par notre initiative, nous a rapidement convaincu de mutualiser notre socle technologique pour accueillir d&#8217;autres collectifs d\u00e9sireux de d\u00e9velopper, dans leur ville et r\u00e9gion, des projets similaires au n\u00f4tre, et dans les formes et dans l&#8217;esprit.<\/p>\n\n\n\n<p class=\"has-medium-font-size\">Pour r\u00e9unir toutes ces nouvelles forces, <strong>La Locloiserie<\/strong> s&#8217;est fondu dans l&#8217;association &#8220;Carpe Locum&#8221; qui regroupe aujourd&#8217;hui l&#8217;ensemble des collectifs \u00e0 la t\u00eate des diff\u00e9rentes applications mobiles hyperlocales, telles &#8220;l&#8217;Appliculteur&#8221; pour La Chaux-de-Fonds, &#8220;La Neocastelane&#8221; pour Neuch\u00e2tel, &#8220;Octissimo&#8221; \u00e0 Martigny, &#8220;Hochus Bacchus&#8221; \u00e0 Vevey.<\/p>\n","protected":false},"excerpt":{"rendered":"<p>A son origine, le projet d&#8217;application mobile &#8220;La Locloiserie&#8221; a \u00e9t\u00e9 esquiss\u00e9 et d\u00e9velopp\u00e9 par l&#8217;association \u00e9ponyme. L&#8217;int\u00e9r\u00eat suscit\u00e9 par notre initiative, nous a rapidement convaincu de mutualiser notre socle technologique pour accueillir d&#8217;autres collectifs d\u00e9sireux de d\u00e9velopper, dans leur ville et r\u00e9gion, des projets&nbsp;<a class=\"read-more\" href=\"https:\/\/www.lalocloiserie.ch\/index.php\/a-propos\/\">lire plus<\/a><\/p>\n","protected":false},"author":1,"featured_media":0,"parent":0,"menu_order":0,"comment_status":"closed","ping_status":"closed","template":"","meta":{"footnotes":""},"class_list":["post-47","page","type-page","status-publish","hentry"],"_links":{"self":[{"href":"https:\/\/www.lalocloiserie.ch\/index.php\/wp-json\/wp\/v2\/pages\/47","targetHints":{"allow":["GET"]}}],"collection":[{"href":"https:\/\/www.lalocloiserie.ch\/index.php\/wp-json\/wp\/v2\/pages"}],"about":[{"href":"https:\/\/www.lalocloiserie.ch\/index.php\/wp-json\/wp\/v2\/types\/page"}],"author":[{"embeddable":true,"href":"https:\/\/www.lalocloiserie.ch\/index.php\/wp-json\/wp\/v2\/users\/1"}],"replies":[{"embeddable":true,"href":"https:\/\/www.lalocloiserie.ch\/index.php\/wp-json\/wp\/v2\/comments?post=47"}],"version-history":[{"count":2,"href":"https:\/\/www.lalocloiserie.ch\/index.php\/wp-json\/wp\/v2\/pages\/47\/revisions"}],"predecessor-version":[{"id":130,"href":"https:\/\/www.lalocloiserie.ch\/index.php\/wp-json\/wp\/v2\/pages\/47\/revisions\/130"}],"wp:attachment":[{"href":"https:\/\/www.lalocloiserie.ch\/index.php\/wp-json\/wp\/v2\/media?parent=47"}],"curies":[{"name":"wp","href":"https:\/\/api.w.org\/{rel}","templated":true}]}}