{"id":42,"date":"2022-05-26T08:53:45","date_gmt":"2022-05-26T06:53:45","guid":{"rendered":"http:\/\/www.lalocloiserie.ch\/?page_id=42"},"modified":"2022-05-28T06:12:51","modified_gmt":"2022-05-28T04:12:51","slug":"principes","status":"publish","type":"page","link":"https:\/\/www.lalocloiserie.ch\/index.php\/principes\/","title":{"rendered":"Principes"},"content":{"rendered":"\n<p class=\"has-medium-font-size\"><strong>I. Application g\u00e9n\u00e9raliste<\/strong><\/p>\n\n\n\n<p class=\"has-medium-font-size\"><strong>La Locloiserie<\/strong> s&#8217;attache \u00e0 mettre en valeur les divers aspects soci\u00e9taux, culturels, associatifs et patrimoniaux de la r\u00e9gion. Toutes ces facettes se compl\u00e8tent et alimentent ensemble l&#8217;int\u00e9r\u00eat des contenus de l&#8217;application mobile.<\/p>\n\n\n\n<p class=\"has-medium-font-size\"><strong>II. P\u00e9rennit\u00e9<\/strong><\/p>\n\n\n\n<p class=\"has-medium-font-size\">Nous souhaitons inscrire<strong> La Locloiserie<\/strong> dans le quotidien de la cit\u00e9. C&#8217;est en assurant une continuit\u00e9 \u00e9ditoriale que l&#8217;application prendra pleinement sa place au service des habitants et des usagers de notre espace urbain.<\/p>\n\n\n<div class=\"wp-block-image\">\n<figure class=\"alignleft is-resized\"><img loading=\"lazy\" decoding=\"async\" src=\"https:\/\/appliculteur.files.wordpress.com\/2018\/03\/noun_336752_cc.png\" alt=\"noun_336752_cc\" class=\"wp-image-195\" width=\"176\" height=\"146\"\/><\/figure>\n<\/div>\n\n\n<p class=\"has-medium-font-size\"><strong>III. Hyperlocalit\u00e9<\/strong><\/p>\n\n\n\n<p class=\"has-medium-font-size\">La dimension de r\u00e9f\u00e9rence est la ville et sa r\u00e9gion. L&#8217;ancrage local nous est essentiel pour la r\u00e9alisation d&#8217;un outil, miroir de la vitalit\u00e9 d&#8217;une collectivit\u00e9.<\/p>\n\n\n\n<p class=\"has-medium-font-size\"><strong>IV. Production participative<\/strong><\/p>\n\n\n\n<p class=\"has-medium-font-size\"><strong>La Locloiserie<\/strong> est un outil au service de tous les acteurs locaux. Nous nous attachons \u00e0 g\u00e9n\u00e9rer et \u00e0 accompagner les processus de coproduction de contenu. Nous nous r\u00e9jouissons de toutes nos actuelles et nos futures collaborations avec les \u00e9coles, les associations, la Soci\u00e9t\u00e9 d&#8217;histoire, etc&#8230;&#8230;<\/p>\n","protected":false},"excerpt":{"rendered":"<p>I. Application g\u00e9n\u00e9raliste La Locloiserie s&#8217;attache \u00e0 mettre en valeur les divers aspects soci\u00e9taux, culturels, associatifs et patrimoniaux de la r\u00e9gion. Toutes ces facettes se compl\u00e8tent et alimentent ensemble l&#8217;int\u00e9r\u00eat des contenus de l&#8217;application mobile. II. P\u00e9rennit\u00e9 Nous souhaitons inscrire La Locloiserie dans le quotidien&nbsp;<a class=\"read-more\" href=\"https:\/\/www.lalocloiserie.ch\/index.php\/principes\/\">lire plus<\/a><\/p>\n","protected":false},"author":1,"featured_media":0,"parent":0,"menu_order":0,"comment_status":"closed","ping_status":"closed","template":"","meta":{"footnotes":""},"class_list":["post-42","page","type-page","status-publish","hentry"],"_links":{"self":[{"href":"https:\/\/www.lalocloiserie.ch\/index.php\/wp-json\/wp\/v2\/pages\/42","targetHints":{"allow":["GET"]}}],"collection":[{"href":"https:\/\/www.lalocloiserie.ch\/index.php\/wp-json\/wp\/v2\/pages"}],"about":[{"href":"https:\/\/www.lalocloiserie.ch\/index.php\/wp-json\/wp\/v2\/types\/page"}],"author":[{"embeddable":true,"href":"https:\/\/www.lalocloiserie.ch\/index.php\/wp-json\/wp\/v2\/users\/1"}],"replies":[{"embeddable":true,"href":"https:\/\/www.lalocloiserie.ch\/index.php\/wp-json\/wp\/v2\/comments?post=42"}],"version-history":[{"count":3,"href":"https:\/\/www.lalocloiserie.ch\/index.php\/wp-json\/wp\/v2\/pages\/42\/revisions"}],"predecessor-version":[{"id":173,"href":"https:\/\/www.lalocloiserie.ch\/index.php\/wp-json\/wp\/v2\/pages\/42\/revisions\/173"}],"wp:attachment":[{"href":"https:\/\/www.lalocloiserie.ch\/index.php\/wp-json\/wp\/v2\/media?parent=42"}],"curies":[{"name":"wp","href":"https:\/\/api.w.org\/{rel}","templated":true}]}}