{"id":113,"date":"2022-05-26T10:51:27","date_gmt":"2022-05-26T08:51:27","guid":{"rendered":"http:\/\/www.lalocloiserie.ch\/?page_id=113"},"modified":"2022-05-26T16:42:12","modified_gmt":"2022-05-26T14:42:12","slug":"un-plaisir-pour-tous-une-opportunite-pour-chacun","status":"publish","type":"page","link":"https:\/\/www.lalocloiserie.ch\/","title":{"rendered":"Un plaisir pour tous, une opportunit\u00e9 pour chacun"},"content":{"rendered":"\n<p class=\"has-medium-font-size\">L&#8217;application mobile<strong> &#8216;La Locloiserie&#8217;<\/strong> est un outil de communication sociale, g\u00e9n\u00e9raliste et participatif. Elle a pour ambition de s&#8217;inscrire au coeur de la vie de notre cit\u00e9 de fa\u00e7on p\u00e9renne.<\/p>\n\n\n\n<p class=\"has-medium-font-size\">Nous sommes port\u00e9s par la conviction qu\u2019une spirale vertueuse est \u00e0 port\u00e9e d\u2019application en conjuguant : <\/p>\n\n\n\n<p><\/p>\n\n\n\n<p><\/p>\n\n\n\n<ul class=\"has-medium-font-size wp-block-list\"><li>les activit\u00e9s du monde associatif,<\/li><li>l\u2019int\u00e9r\u00eat \u00e0 la valorisation patrimoniale et culturelle,<\/li><li>le dynamisme du commerce de proximit\u00e9,<\/li><li>et le rayonnement de nos fleurons \u00e9conomiques et industriels.<\/li><\/ul>\n\n\n\n<p><\/p>\n\n\n\n<p><\/p>\n\n\n\n<p class=\"has-medium-font-size\"><strong>La Locloiserie<\/strong> se pr\u00e9sente comme un lieu ouvert aux propositions et aux th\u00e9matiques de chacun.<\/p>\n\n\n\n<p class=\"has-medium-font-size\">Nous nous attachons \u00e0 d\u00e9velopper des contenus attractifs et originaux. Mais nous sommes persuad\u00e9s que ce seront les pierres que vous apporterez \u00e0 l\u2019\u00e9difice, qui seront les plus pertinentes !&nbsp; N\u2019h\u00e9sitez pas \u00e0 nous soumettre vos id\u00e9es et vos propositions !<\/p>\n","protected":false},"excerpt":{"rendered":"<p>L&#8217;application mobile &#8216;La Locloiserie&#8217; est un outil de communication sociale, g\u00e9n\u00e9raliste et participatif. Elle a pour ambition de s&#8217;inscrire au coeur de la vie de notre cit\u00e9 de fa\u00e7on p\u00e9renne. Nous sommes port\u00e9s par la conviction qu\u2019une spirale vertueuse est \u00e0 port\u00e9e d\u2019application en conjuguant&nbsp;<a class=\"read-more\" href=\"https:\/\/www.lalocloiserie.ch\/\">lire plus<\/a><\/p>\n","protected":false},"author":1,"featured_media":0,"parent":0,"menu_order":0,"comment_status":"closed","ping_status":"closed","template":"","meta":{"footnotes":""},"class_list":["post-113","page","type-page","status-publish","hentry"],"_links":{"self":[{"href":"https:\/\/www.lalocloiserie.ch\/index.php\/wp-json\/wp\/v2\/pages\/113","targetHints":{"allow":["GET"]}}],"collection":[{"href":"https:\/\/www.lalocloiserie.ch\/index.php\/wp-json\/wp\/v2\/pages"}],"about":[{"href":"https:\/\/www.lalocloiserie.ch\/index.php\/wp-json\/wp\/v2\/types\/page"}],"author":[{"embeddable":true,"href":"https:\/\/www.lalocloiserie.ch\/index.php\/wp-json\/wp\/v2\/users\/1"}],"replies":[{"embeddable":true,"href":"https:\/\/www.lalocloiserie.ch\/index.php\/wp-json\/wp\/v2\/comments?post=113"}],"version-history":[{"count":4,"href":"https:\/\/www.lalocloiserie.ch\/index.php\/wp-json\/wp\/v2\/pages\/113\/revisions"}],"predecessor-version":[{"id":133,"href":"https:\/\/www.lalocloiserie.ch\/index.php\/wp-json\/wp\/v2\/pages\/113\/revisions\/133"}],"wp:attachment":[{"href":"https:\/\/www.lalocloiserie.ch\/index.php\/wp-json\/wp\/v2\/media?parent=113"}],"curies":[{"name":"wp","href":"https:\/\/api.w.org\/{rel}","templated":true}]}}